{"id":2624,"date":"2020-02-19T10:50:22","date_gmt":"2020-02-19T08:50:22","guid":{"rendered":"https:\/\/portal.innlineglobal.com\/register\/"},"modified":"2021-02-15T20:14:57","modified_gmt":"2021-02-15T18:14:57","slug":"rejestracja","status":"publish","type":"page","link":"https:\/\/portal.innlineglobal.com\/pl\/rejestracja\/","title":{"rendered":"Rejestracja"},"content":{"rendered":"<p>[vc_row][vc_column][vc_column_text]<\/p>\n<div id=\"um-admin-form-shortcode\" class=\"postbox \">\n<div class=\"inside\">\n<div class=\"um-admin-metabox\">\n\n<div class=\"um um-register um-2824\">\n\t<div class=\"um-form\" data-mode=\"register\">\n\t\t<form method=\"post\" action=\"\">\n\t\t\t<div class=\"um-row _um_row_1 \" style=\"margin: 0 0 30px 0;\"><div class=\"um-col-1\"><div  id=\"um_field_2824_user_login\" class=\"um-field um-field-text  um-field-user_login um-field-text um-field-type_text\" data-key=\"user_login\"><div class=\"um-field-label\"><label for=\"user_login-2824\">Logowanie<span class=\"um-req\" title=\"Wymagane\">*<\/span><\/label><div class=\"um-clear\"><\/div><\/div><div class=\"um-field-area\"><div class=\"um-field-icon\"><i class=\"um-icon-ios-person\"><\/i><\/div><input  autocomplete=\"off\" class=\"um-form-field valid um-iconed \" type=\"text\" name=\"user_login-2824\" id=\"user_login-2824\" value=\"\" placeholder=\"Login\" data-validate=\"unique_username\" data-key=\"user_login\"  aria-invalid=\"false\" \/>\n\n\t\t\t\t\t\t<\/div><\/div><div  id=\"um_field_2824_first_name\" class=\"um-field um-field-text  um-field-first_name um-field-text um-field-type_text\" data-key=\"first_name\"><div class=\"um-field-label\"><label for=\"first_name-2824\">Imi\u0119<\/label><div class=\"um-clear\"><\/div><\/div><div class=\"um-field-area\"><input  autocomplete=\"off\" class=\"um-form-field valid not-required \" type=\"text\" name=\"first_name-2824\" id=\"first_name-2824\" value=\"\" placeholder=\"Imi\u0119\" data-validate=\"\" data-key=\"first_name\"  aria-invalid=\"false\" \/>\n\n\t\t\t\t\t\t<\/div><\/div><div  id=\"um_field_2824_last_name\" class=\"um-field um-field-text  um-field-last_name um-field-text um-field-type_text\" data-key=\"last_name\"><div class=\"um-field-label\"><label for=\"last_name-2824\">Nazwisko<\/label><div class=\"um-clear\"><\/div><\/div><div class=\"um-field-area\"><input  autocomplete=\"off\" class=\"um-form-field valid not-required \" type=\"text\" name=\"last_name-2824\" id=\"last_name-2824\" value=\"\" placeholder=\"Nazwisko\" data-validate=\"\" data-key=\"last_name\"  aria-invalid=\"false\" \/>\n\n\t\t\t\t\t\t<\/div><\/div><div  id=\"um_field_2824_user_email\" class=\"um-field um-field-text  um-field-user_email um-field-text um-field-type_text\" data-key=\"user_email\"><div class=\"um-field-label\"><label for=\"user_email-2824\">Adres email<span class=\"um-req\" title=\"Wymagane\">*<\/span><\/label><div class=\"um-clear\"><\/div><\/div><div class=\"um-field-area\"><div class=\"um-field-icon\"><i class=\"um-icon-ios-email\"><\/i><\/div><input  autocomplete=\"off\" class=\"um-form-field valid um-iconed \" type=\"text\" name=\"user_email-2824\" id=\"user_email-2824\" value=\"\" placeholder=\"\" data-validate=\"unique_email\" data-key=\"user_email\"  aria-invalid=\"false\" \/>\n\n\t\t\t\t\t\t<\/div><\/div><div  id=\"um_field_2824_user_password\" class=\"um-field um-field-password  um-field-user_password um-field-password um-field-type_password\" data-key=\"user_password\"><div class=\"um-field-label\"><label for=\"user_password-2824\">Has\u0142o<span class=\"um-req\" title=\"Wymagane\">*<\/span><\/label><div class=\"um-clear\"><\/div><\/div><div class=\"um-field-area\"><div class=\"um-field-icon\"><i class=\"um-icon-key\"><\/i><\/div><input class=\"um-form-field valid um-iconed \" type=\"password\" name=\"user_password-2824\" id=\"user_password-2824\" value=\"\" placeholder=\"\" data-validate=\"\" data-key=\"user_password\"  aria-invalid=\"false\" \/>\n\n\t\t\t\t\t\t\t<\/div><\/div><div  id=\"um_field_2824_confirm_user_password\" class=\"um-field um-field-password  um-field-user_password um-field-password um-field-type_password\" data-key=\"confirm_user_password\"><div class=\"um-field-label\"><label for=\"confirm_user_password-2824\">Potwierd\u017a Has\u0142o<span class=\"um-req\" title=\"Wymagane\">*<\/span><\/label><div class=\"um-clear\"><\/div><\/div><div class=\"um-field-area\"><div class=\"um-field-icon\"><i class=\"um-icon-key\"><\/i><\/div><input class=\"um-form-field valid um-iconed \" type=\"password\" name=\"confirm_user_password-2824\" id=\"confirm_user_password-2824\" value=\"\" placeholder=\"Potwierd\u017a Has\u0142o\" data-validate=\"\" data-key=\"confirm_user_password\"  aria-invalid=\"false\" \/><\/div><\/div><div  id=\"um_field_2824_phone_number\" class=\"um-field um-field-text  um-field-phone_number um-field-text um-field-type_text\" data-key=\"phone_number\"><div class=\"um-field-label\"><label for=\"phone_number-2824\">Numer telefonu<span class=\"um-req\" title=\"Wymagane\">*<\/span><\/label><div class=\"um-clear\"><\/div><\/div><div class=\"um-field-area\"><div class=\"um-field-icon\"><i class=\"um-faicon-phone\"><\/i><\/div><input  autocomplete=\"off\" class=\"um-form-field valid um-iconed \" type=\"text\" name=\"phone_number-2824\" id=\"phone_number-2824\" value=\"\" placeholder=\"\" data-validate=\"phone_number\" data-key=\"phone_number\"  aria-invalid=\"false\" \/>\n\n\t\t\t\t\t\t<\/div><\/div><div  id=\"um_field_2824_comapany_name\" class=\"um-field um-field-text  um-field-comapany_name um-field-text um-field-type_text\" data-key=\"comapany_name\"><div class=\"um-field-label\"><label for=\"comapany_name-2824\">Nazwa firmy<\/label><div class=\"um-clear\"><\/div><\/div><div class=\"um-field-area\"><div class=\"um-field-icon\"><i class=\"um-icon-briefcase\"><\/i><\/div><input  autocomplete=\"off\" class=\"um-form-field valid not-required um-iconed \" type=\"text\" name=\"comapany_name-2824\" id=\"comapany_name-2824\" value=\"\" placeholder=\"\" data-validate=\"\" data-key=\"comapany_name\"  aria-invalid=\"false\" \/>\n\n\t\t\t\t\t\t<\/div><\/div><div  id=\"um_field_2824_country\" class=\"um-field um-field-select  um-field-country um-field-select um-field-type_select\" data-key=\"country\"><div class=\"um-field-label\"><label for=\"country-2824\">Kraj<\/label><div class=\"um-clear\"><\/div><\/div><div class=\"um-field-area um-field-area-has-icon \"><div class=\"um-field-icon\"><i class=\"um-icon-ios-world-outline\"><\/i><\/div><select data-default=\"\"     name=\"country\" id=\"country\" data-validate=\"\" data-key=\"country\" class=\"um-form-field valid not-required um-iconed um-s1 \" style=\"width: 100%\" data-placeholder=\"Wybierz Kraj\"   aria-invalid=\"false\" ><option value=\"\"><\/option><option value=\"Afghanistan\" >Afganistan<\/option><option value=\"Albania\" >Albania<\/option><option value=\"Algeria\" >Algieria<\/option><option value=\"Andorra\" >Andora<\/option><option value=\"Angola\" >Angola<\/option><option value=\"Antigua and Barbuda\" >Antigua i Barbuda<\/option><option value=\"Argentina\" >Argentyna<\/option><option value=\"Armenia\" >Armenia<\/option><option value=\"Australia\" >Australia<\/option><option value=\"Austria\" >Austria<\/option><option value=\"Azerbaijan\" >Azerbejd\u017can<\/option><option value=\"Bahamas\" >Bahamy<\/option><option value=\"Bahrain\" >Bahrajn<\/option><option value=\"Bangladesh\" >Bangladesz<\/option><option value=\"Barbados\" >Barbados<\/option><option value=\"Belarus\" >Bia\u0142oru\u015b<\/option><option value=\"Belgium\" >Belgia<\/option><option value=\"Belize\" >Belize<\/option><option value=\"Benin\" >Benin<\/option><option value=\"Bhutan\" >Bhutan<\/option><option value=\"Bolivia\" >Bolivia<\/option><option value=\"Bosnia and Herzegovina\" >Bo\u015bnia i Hercegowina<\/option><option value=\"Botswana\" >Botswana<\/option><option value=\"Brazil\" >Brazylia<\/option><option value=\"Brunei\" >Brunei<\/option><option value=\"Bulgaria\" >Bu\u0142garia<\/option><option value=\"Burkina Faso\" >Burkina Faso<\/option><option value=\"Burundi\" >Burundi<\/option><option value=\"Cabo Verde\" >Cabo Verde<\/option><option value=\"Cambodia\" >Kambod\u017ca<\/option><option value=\"Cameroon\" >Kamerun<\/option><option value=\"Canada\" >Kanada<\/option><option value=\"Central African Republic\" >Republika \u015arodkowoafryka\u0144ska<\/option><option value=\"Chad\" >Czad<\/option><option value=\"Chile\" >Chile<\/option><option value=\"China\" >Chiny<\/option><option value=\"Colombia\" >Kolumbia<\/option><option value=\"Comoros\" >Komory<\/option><option value=\"Congo\" >Kongo<\/option><option value=\"Costa Rica\" >Kostaryka<\/option><option value=\"Croatia\" >Chorwacja<\/option><option value=\"Cuba\" >Kuba<\/option><option value=\"Cyprus\" >Cypr<\/option><option value=\"Czech Republic (Czechia)\" >Czech Republic (Czechia)<\/option><option value=\"C\u00f4te d&#039;Ivoire\" >Wybrze\u017ce Ko\u015bci S\u0142oniowej<\/option><option value=\"Denmark\" >Dania<\/option><option value=\"Djibouti\" >D\u017cibuti<\/option><option value=\"Dominica\" >Wsp\u00f3lnota Dominiki<\/option><option value=\"Dominican Republic\" >Republika Dominika\u0144ska<\/option><option value=\"DR Congo\" >DR Congo<\/option><option value=\"Ecuador\" >Ekwador<\/option><option value=\"Egypt\" >Egipt<\/option><option value=\"El Salvador\" >Salwador<\/option><option value=\"Equatorial Guinea\" >Gwinea R\u00f3wnikowa<\/option><option value=\"Eritrea\" >Erytrea<\/option><option value=\"Estonia\" >Estonia<\/option><option value=\"Eswatini\" >Eswatini<\/option><option value=\"Ethiopia\" >Etiopia<\/option><option value=\"Fiji\" >Fid\u017ci<\/option><option value=\"Finland\" >Finlandia<\/option><option value=\"France\" >Francja<\/option><option value=\"Gabon\" >Gabon<\/option><option value=\"Gambia\" >Gambia<\/option><option value=\"Georgia\" >Georgia<\/option><option value=\"Germany\" >Niemcy<\/option><option value=\"Ghana\" >Ghana<\/option><option value=\"Greece\" >Grecja<\/option><option value=\"Grenada\" >Grenada<\/option><option value=\"Guatemala\" >Gwatemala<\/option><option value=\"Guinea\" >Gwinea<\/option><option value=\"Guinea-Bissau\" >Gwinea Bissau<\/option><option value=\"Guyana\" >Gujana<\/option><option value=\"Haiti\" >Haiti<\/option><option value=\"Holy See\" >Holy See<\/option><option value=\"Honduras\" >Honduras<\/option><option value=\"Hungary\" >W\u0119gry<\/option><option value=\"Iceland\" >Islandia<\/option><option value=\"India\" >Indie<\/option><option value=\"Indonesia\" >Indonezja<\/option><option value=\"Iran\" >Iran<\/option><option value=\"Iraq\" >Irak<\/option><option value=\"Ireland\" >Irlandia<\/option><option value=\"Israel\" >Izrael<\/option><option value=\"Italy\" >W\u0142ochy<\/option><option value=\"Jamaica\" >Jamajka<\/option><option value=\"Japan\" >Japonia<\/option><option value=\"Jordan\" >Jordania<\/option><option value=\"Kazakhstan\" >Kazachstan<\/option><option value=\"Kenya\" >Kenia<\/option><option value=\"Kiribati\" >Kiribati<\/option><option value=\"Kuwait\" >Kuwejt<\/option><option value=\"Kyrgyzstan\" >Kirgistan<\/option><option value=\"Laos\" >Laos<\/option><option value=\"Latvia\" >\u0141otwa<\/option><option value=\"Lebanon\" >Liban<\/option><option value=\"Lesotho\" >Lesoto<\/option><option value=\"Liberia\" >Liberia<\/option><option value=\"Libya\" >Libya<\/option><option value=\"Liechtenstein\" >Liechtenstein<\/option><option value=\"Lithuania\" >Litwa<\/option><option value=\"Luxembourg\" >Luksemburg<\/option><option value=\"Madagascar\" >Madagaskar<\/option><option value=\"Malawi\" >Malawi<\/option><option value=\"Malaysia\" >Malezja<\/option><option value=\"Maldives\" >Malediwy<\/option><option value=\"Mali\" >Mali<\/option><option value=\"Malta\" >Malta<\/option><option value=\"Marshall Islands\" >Wyspy Marshalla<\/option><option value=\"Mauritania\" >Mauretania<\/option><option value=\"Mauritius\" >Mauritius<\/option><option value=\"Mexico\" >Meksyk<\/option><option value=\"Micronesia\" >Micronesia<\/option><option value=\"Moldova\" >Moldova<\/option><option value=\"Monaco\" >Monako<\/option><option value=\"Mongolia\" >Mongolia<\/option><option value=\"Montenegro\" >Czarnog\u00f3ra<\/option><option value=\"Morocco\" >Maroko<\/option><option value=\"Mozambique\" >Mozambik<\/option><option value=\"Myanmar\" >Mjanma<\/option><option value=\"Namibia\" >Namibia<\/option><option value=\"Nauru\" >Nauru<\/option><option value=\"Nepal\" >Nepal<\/option><option value=\"Netherlands\" >Holandia<\/option><option value=\"New Zealand\" >Nowa Zelandia<\/option><option value=\"Nicaragua\" >Nikaragua<\/option><option value=\"Niger\" >Niger<\/option><option value=\"Nigeria\" >Nigeria<\/option><option value=\"North Korea\" >North Korea<\/option><option value=\"North Macedonia\" >North Macedonia<\/option><option value=\"Norway\" >Norwegia<\/option><option value=\"Oman\" >Oman<\/option><option value=\"Pakistan\" >Pakistan<\/option><option value=\"Palau\" >Palau<\/option><option value=\"Panama\" >Panama<\/option><option value=\"Papua New Guinea\" >Papua-Nowa Gwinea<\/option><option value=\"Paraguay\" >Paragwaj<\/option><option value=\"Peru\" >Peru<\/option><option value=\"Philippines\" >Filipiny<\/option><option value=\"Poland\" >Polska<\/option><option value=\"Portugal\" >Portugalia<\/option><option value=\"Qatar\" >Katar<\/option><option value=\"Romania\" >Rumunia<\/option><option value=\"Russia\" >Russia<\/option><option value=\"Rwanda\" >Rwanda<\/option><option value=\"Saint Kitts &amp; Nevis\" >Saint Kitts &amp; Nevis<\/option><option value=\"Saint Lucia\" >Saint Lucia<\/option><option value=\"Samoa\" >Samoa<\/option><option value=\"San Marino\" >San Marino<\/option><option value=\"Sao Tome &amp; Principe\" >Sao Tome &amp; Principe<\/option><option value=\"Saudi Arabia\" >Arabia Saudyjska<\/option><option value=\"Senegal\" >Senegal<\/option><option value=\"Serbia\" >Serbia<\/option><option value=\"Seychelles\" >Seszele<\/option><option value=\"Sierra Leone\" >Sierra Leone<\/option><option value=\"Singapore\" >Singapur<\/option><option value=\"Slovakia\" >S\u0142owacja<\/option><option value=\"Slovenia\" >S\u0142owenia<\/option><option value=\"Solomon Islands\" >Wyspy Salomona<\/option><option value=\"Somalia\" >Somalia<\/option><option value=\"South Africa\" >Republika Po\u0142udniowej Afryki<\/option><option value=\"South Korea\" >South Korea<\/option><option value=\"South Sudan\" >Sudan Po\u0142udniowy<\/option><option value=\"Spain\" >Hiszpania<\/option><option value=\"Sri Lanka\" >Sri Lanka<\/option><option value=\"St. Vincent &amp; Grenadines\" >St. Vincent &amp; Grenadines<\/option><option value=\"State of Palestine\" >State of Palestine<\/option><option value=\"Sudan\" >Sudan<\/option><option value=\"Suriname\" >Surinam<\/option><option value=\"Sweden\" >Szwecja<\/option><option value=\"Switzerland\" >Szwajcaria<\/option><option value=\"Syria\" >Syria<\/option><option value=\"Tajikistan\" >Tad\u017cykistan<\/option><option value=\"Tanzania\" >Tanzania<\/option><option value=\"Thailand\" >Tajlandia<\/option><option value=\"Timor-Leste\" >Timor Wschodni<\/option><option value=\"Togo\" >Togo<\/option><option value=\"Tonga\" >tonga<\/option><option value=\"Trinidad and Tobago\" >Trynidad i Tobago<\/option><option value=\"Tunisia\" >Tunezja<\/option><option value=\"Turkey\" >Turkey<\/option><option value=\"Turkmenistan\" >Turkmenistan<\/option><option value=\"Tuvalu\" >Tuvalu<\/option><option value=\"Uganda\" >Uganda<\/option><option value=\"Ukraine\" >Ukraina<\/option><option value=\"United Arab Emirates\" >Zjednoczone Emiraty Arabskie<\/option><option value=\"United Kingdom\" >Wielka Brytania<\/option><option value=\"United States\" >Stany Zjednoczone<\/option><option value=\"Uruguay\" >Urugwaj<\/option><option value=\"Uzbekistan\" >Uzbekistan<\/option><option value=\"Vanuatu\" >Vanuatu<\/option><option value=\"Venezuela\" >Venezuela<\/option><option value=\"Vietnam\" >Vietnam<\/option><option value=\"Yemen\" >Jemen<\/option><option value=\"Zambia\" >Zambia<\/option><option value=\"Zimbabwe\" >Zimbabwe<\/option><\/select><\/div><\/div><\/div><\/div>\t<input type=\"hidden\" name=\"form_id\" id=\"form_id_2824\" value=\"2824\" \/>\n\t\t<p class=\"um_request_name\">\n\t\t<label for=\"um_request_2824\">Only fill in if you are not human<\/label>\n\t\t<input type=\"hidden\" name=\"um_request\" id=\"um_request_2824\" class=\"input\" value=\"\" size=\"25\" autocomplete=\"off\" \/>\n\t<\/p>\n\t<input type=\"hidden\" id=\"_wpnonce\" name=\"_wpnonce\" value=\"92d5f6abc3\" \/><input type=\"hidden\" name=\"_wp_http_referer\" value=\"\/pl\/wp-json\/wp\/v2\/pages\/2624\" \/>\n<div class=\"g-recaptcha\" id=\"um-2824\" data-mode=\"register\"><\/div>\n\n\n\t<div class=\"um-col-alt\">\n\n\t\t\n\t\t\t<div class=\"um-left um-half\">\n\t\t\t\t<input type=\"submit\" value=\"Zarejestruj si\u0119\" class=\"um-button\" id=\"um-submit-btn\" \/>\n\t\t\t<\/div>\n\t\t\t<div class=\"um-right um-half\">\n\t\t\t\t<a href=\"https:\/\/portal.innlineglobal.com\/pl\/login\/\" class=\"um-button um-alt\">\n\t\t\t\t\tLogowanie\t\t\t\t<\/a>\n\t\t\t<\/div>\n\n\t\t\n\t\t<div class=\"um-clear\"><\/div>\n\n\t<\/div>\n\n\t\t\t<\/form>\n\t<\/div>\n<\/div>\n<style>\n\t\t\t.um-2824.um {\n\t\t\tmax-width: 450px;\n\t\t}\n\t\t<\/style>\n\n<\/div>\n<\/div>\n<\/div>\n<div id=\"um-admin-form-register_customize\" class=\"postbox \"><\/div>\n<p>[\/vc_column_text][\/vc_column][\/vc_row]<\/p>\n","protected":false},"excerpt":{"rendered":"<p>[vc_row][vc_column][vc_column_text] [\/vc_column_text][\/vc_column][\/vc_row]<\/p>\n","protected":false},"author":8,"featured_media":0,"parent":0,"menu_order":0,"comment_status":"closed","ping_status":"closed","template":"","meta":{"inline_featured_image":false,"footnotes":""},"class_list":["post-2624","page","type-page","status-publish","hentry"],"yoast_head":"<!-- This site is optimized with the Yoast SEO plugin v27.3 - https:\/\/yoast.com\/product\/yoast-seo-wordpress\/ -->\n<title>Rejestracja - Innline<\/title>\n<meta name=\"robots\" content=\"index, follow, max-snippet:-1, max-image-preview:large, max-video-preview:-1\" \/>\n<link rel=\"canonical\" href=\"https:\/\/portal.innlineglobal.com\/pl\/register\/\" \/>\n<meta property=\"og:locale\" content=\"pl_PL\" \/>\n<meta property=\"og:type\" content=\"article\" \/>\n<meta property=\"og:title\" content=\"Rejestracja - Innline\" \/>\n<meta property=\"og:description\" content=\"[vc_row][vc_column][vc_column_text] [\/vc_column_text][\/vc_column][\/vc_row]\" \/>\n<meta property=\"og:url\" content=\"https:\/\/portal.innlineglobal.com\/register\/\" \/>\n<meta property=\"og:site_name\" content=\"Innline\" \/>\n<meta property=\"article:modified_time\" content=\"2021-02-15T18:14:57+00:00\" \/>\n<meta name=\"twitter:card\" content=\"summary_large_image\" \/>\n<script type=\"application\/ld+json\" class=\"yoast-schema-graph\">{\"@context\":\"https:\\\/\\\/schema.org\",\"@graph\":[{\"@type\":\"WebPage\",\"@id\":\"https:\\\/\\\/portal.innlineglobal.com\\\/register\\\/\",\"url\":\"https:\\\/\\\/portal.innlineglobal.com\\\/register\\\/\",\"name\":\"Rejestracja - Innline\",\"isPartOf\":{\"@id\":\"https:\\\/\\\/portal.innlineglobal.com\\\/#website\"},\"datePublished\":\"2020-02-19T08:50:22+00:00\",\"dateModified\":\"2021-02-15T18:14:57+00:00\",\"breadcrumb\":{\"@id\":\"https:\\\/\\\/portal.innlineglobal.com\\\/register\\\/#breadcrumb\"},\"inLanguage\":\"pl-PL\",\"potentialAction\":[{\"@type\":\"ReadAction\",\"target\":[\"https:\\\/\\\/portal.innlineglobal.com\\\/register\\\/\"]}]},{\"@type\":\"BreadcrumbList\",\"@id\":\"https:\\\/\\\/portal.innlineglobal.com\\\/register\\\/#breadcrumb\",\"itemListElement\":[{\"@type\":\"ListItem\",\"position\":1,\"name\":\"Home\",\"item\":\"https:\\\/\\\/portal.innlineglobal.com\\\/pl\\\/\"},{\"@type\":\"ListItem\",\"position\":2,\"name\":\"Rejestracja\"}]},{\"@type\":\"WebSite\",\"@id\":\"https:\\\/\\\/portal.innlineglobal.com\\\/#website\",\"url\":\"https:\\\/\\\/portal.innlineglobal.com\\\/\",\"name\":\"Innline - Partner Portal\",\"description\":\"Define in results.\",\"publisher\":{\"@id\":\"https:\\\/\\\/portal.innlineglobal.com\\\/#organization\"},\"potentialAction\":[{\"@type\":\"SearchAction\",\"target\":{\"@type\":\"EntryPoint\",\"urlTemplate\":\"https:\\\/\\\/portal.innlineglobal.com\\\/?s={search_term_string}\"},\"query-input\":{\"@type\":\"PropertyValueSpecification\",\"valueRequired\":true,\"valueName\":\"search_term_string\"}}],\"inLanguage\":\"pl-PL\"},{\"@type\":\"Organization\",\"@id\":\"https:\\\/\\\/portal.innlineglobal.com\\\/#organization\",\"name\":\"Innline EMS\",\"url\":\"https:\\\/\\\/portal.innlineglobal.com\\\/\",\"logo\":{\"@type\":\"ImageObject\",\"inLanguage\":\"pl-PL\",\"@id\":\"https:\\\/\\\/portal.innlineglobal.com\\\/#\\\/schema\\\/logo\\\/image\\\/\",\"url\":\"https:\\\/\\\/portal.innlineglobal.com\\\/wp-content\\\/uploads\\\/2020\\\/02\\\/51341532_513388885735247_8410289067924652032_n.png\",\"contentUrl\":\"https:\\\/\\\/portal.innlineglobal.com\\\/wp-content\\\/uploads\\\/2020\\\/02\\\/51341532_513388885735247_8410289067924652032_n.png\",\"width\":800,\"height\":800,\"caption\":\"Innline EMS\"},\"image\":{\"@id\":\"https:\\\/\\\/portal.innlineglobal.com\\\/#\\\/schema\\\/logo\\\/image\\\/\"}}]}<\/script>\n<!-- \/ Yoast SEO plugin. -->","yoast_head_json":{"title":"Rejestracja - Innline","robots":{"index":"index","follow":"follow","max-snippet":"max-snippet:-1","max-image-preview":"max-image-preview:large","max-video-preview":"max-video-preview:-1"},"canonical":"https:\/\/portal.innlineglobal.com\/pl\/register\/","og_locale":"pl_PL","og_type":"article","og_title":"Rejestracja - Innline","og_description":"[vc_row][vc_column][vc_column_text] [\/vc_column_text][\/vc_column][\/vc_row]","og_url":"https:\/\/portal.innlineglobal.com\/register\/","og_site_name":"Innline","article_modified_time":"2021-02-15T18:14:57+00:00","twitter_card":"summary_large_image","schema":{"@context":"https:\/\/schema.org","@graph":[{"@type":"WebPage","@id":"https:\/\/portal.innlineglobal.com\/register\/","url":"https:\/\/portal.innlineglobal.com\/register\/","name":"Rejestracja - Innline","isPartOf":{"@id":"https:\/\/portal.innlineglobal.com\/#website"},"datePublished":"2020-02-19T08:50:22+00:00","dateModified":"2021-02-15T18:14:57+00:00","breadcrumb":{"@id":"https:\/\/portal.innlineglobal.com\/register\/#breadcrumb"},"inLanguage":"pl-PL","potentialAction":[{"@type":"ReadAction","target":["https:\/\/portal.innlineglobal.com\/register\/"]}]},{"@type":"BreadcrumbList","@id":"https:\/\/portal.innlineglobal.com\/register\/#breadcrumb","itemListElement":[{"@type":"ListItem","position":1,"name":"Home","item":"https:\/\/portal.innlineglobal.com\/pl\/"},{"@type":"ListItem","position":2,"name":"Rejestracja"}]},{"@type":"WebSite","@id":"https:\/\/portal.innlineglobal.com\/#website","url":"https:\/\/portal.innlineglobal.com\/","name":"Innline - Partner Portal","description":"Define in results.","publisher":{"@id":"https:\/\/portal.innlineglobal.com\/#organization"},"potentialAction":[{"@type":"SearchAction","target":{"@type":"EntryPoint","urlTemplate":"https:\/\/portal.innlineglobal.com\/?s={search_term_string}"},"query-input":{"@type":"PropertyValueSpecification","valueRequired":true,"valueName":"search_term_string"}}],"inLanguage":"pl-PL"},{"@type":"Organization","@id":"https:\/\/portal.innlineglobal.com\/#organization","name":"Innline EMS","url":"https:\/\/portal.innlineglobal.com\/","logo":{"@type":"ImageObject","inLanguage":"pl-PL","@id":"https:\/\/portal.innlineglobal.com\/#\/schema\/logo\/image\/","url":"https:\/\/portal.innlineglobal.com\/wp-content\/uploads\/2020\/02\/51341532_513388885735247_8410289067924652032_n.png","contentUrl":"https:\/\/portal.innlineglobal.com\/wp-content\/uploads\/2020\/02\/51341532_513388885735247_8410289067924652032_n.png","width":800,"height":800,"caption":"Innline EMS"},"image":{"@id":"https:\/\/portal.innlineglobal.com\/#\/schema\/logo\/image\/"}}]}},"_links":{"self":[{"href":"https:\/\/portal.innlineglobal.com\/pl\/wp-json\/wp\/v2\/pages\/2624","targetHints":{"allow":["GET"]}}],"collection":[{"href":"https:\/\/portal.innlineglobal.com\/pl\/wp-json\/wp\/v2\/pages"}],"about":[{"href":"https:\/\/portal.innlineglobal.com\/pl\/wp-json\/wp\/v2\/types\/page"}],"author":[{"embeddable":true,"href":"https:\/\/portal.innlineglobal.com\/pl\/wp-json\/wp\/v2\/users\/8"}],"replies":[{"embeddable":true,"href":"https:\/\/portal.innlineglobal.com\/pl\/wp-json\/wp\/v2\/comments?post=2624"}],"version-history":[{"count":4,"href":"https:\/\/portal.innlineglobal.com\/pl\/wp-json\/wp\/v2\/pages\/2624\/revisions"}],"predecessor-version":[{"id":2827,"href":"https:\/\/portal.innlineglobal.com\/pl\/wp-json\/wp\/v2\/pages\/2624\/revisions\/2827"}],"wp:attachment":[{"href":"https:\/\/portal.innlineglobal.com\/pl\/wp-json\/wp\/v2\/media?parent=2624"}],"curies":[{"name":"wp","href":"https:\/\/api.w.org\/{rel}","templated":true}]}}