{"id":2635,"date":"2020-02-19T11:36:09","date_gmt":"2020-02-19T09:36:09","guid":{"rendered":"https:\/\/portal.innlineglobal.com\/?page_id=2635"},"modified":"2022-11-02T12:31:04","modified_gmt":"2022-11-02T10:31:04","slug":"portal-partner-innline-ems","status":"publish","type":"page","link":"https:\/\/portal.innlineglobal.com\/pl\/","title":{"rendered":"Portal Partner &#8211; Innline EMS"},"content":{"rendered":"<p>[vc_row full_width=&#8221;stretch_row&#8221; full_height=&#8221;yes&#8221; el_class=&#8221;glownagrafika desktop&#8221;][vc_column][vc_column_text]<\/p>\n<h1 style=\"text-align: center;\"><span class=\"naglowekglowna\" style=\"color: #d8d8d8;\">Innline Partner Portal<\/span><\/h1>\n<p>[\/vc_column_text][vc_row_inner][vc_column_inner width=&#8221;1\/4&#8243;][\/vc_column_inner][vc_column_inner width=&#8221;1\/4&#8243;][vc_btn title=&#8221;Logowanie&#8221; style=&#8221;outline&#8221; shape=&#8221;square&#8221; color=&#8221;white&#8221; align=&#8221;center&#8221; i_align=&#8221;right&#8221; i_icon_fontawesome=&#8221;fa fa-sign-in&#8221; add_icon=&#8221;true&#8221; link=&#8221;url:https%3A%2F%2Fportal.innlineglobal.com%2Fpl%2Flogin%2F|title:Zaloguj||&#8221;][\/vc_column_inner][vc_column_inner width=&#8221;1\/4&#8243;][vc_btn title=&#8221;Rejestracja&#8221; style=&#8221;outline&#8221; shape=&#8221;square&#8221; color=&#8221;white&#8221; align=&#8221;center&#8221; i_align=&#8221;right&#8221; i_icon_fontawesome=&#8221;fa fa-user-plus&#8221; add_icon=&#8221;true&#8221; link=&#8221;url:https%3A%2F%2Fportal.innlineglobal.com%2Fpl%2Frejestracja%2F|title:Zarejestruj||&#8221;][\/vc_column_inner][vc_column_inner width=&#8221;1\/4&#8243;][\/vc_column_inner][\/vc_row_inner][\/vc_column][\/vc_row][vc_row full_width=&#8221;stretch_row&#8221; full_height=&#8221;yes&#8221; el_class=&#8221;glownagrafika mobile&#8221; css=&#8221;.vc_custom_1561455059030{margin-top: -100px !important;}&#8221;][vc_column][vc_column_text css=&#8221;.vc_custom_1561455099002{margin-top: -200px !important;}&#8221;]<\/p>\n<h1 style=\"text-align: center;\"><span class=\"naglowekglowna\" style=\"color: #d8d8d8;\">Innline Partner Portal<\/span><\/h1>\n<p>[\/vc_column_text][vc_row_inner][vc_column_inner width=&#8221;1\/4&#8243;][\/vc_column_inner][vc_column_inner width=&#8221;1\/4&#8243;][vc_btn title=&#8221;Logowanie&#8221; style=&#8221;outline&#8221; shape=&#8221;square&#8221; color=&#8221;white&#8221; align=&#8221;center&#8221; i_align=&#8221;right&#8221; i_icon_fontawesome=&#8221;fa fa-sign-in&#8221; add_icon=&#8221;true&#8221; link=&#8221;url:https%3A%2F%2Fportal.innlineglobal.com%2Fpl%2Flogin%2F|title:Zaloguj||&#8221;][\/vc_column_inner][vc_column_inner width=&#8221;1\/4&#8243;][vc_btn title=&#8221;Rejestracja&#8221; style=&#8221;outline&#8221; shape=&#8221;square&#8221; color=&#8221;white&#8221; align=&#8221;center&#8221; i_align=&#8221;right&#8221; i_icon_fontawesome=&#8221;fa fa-user-plus&#8221; add_icon=&#8221;true&#8221; link=&#8221;url:https%3A%2F%2Fportal.innlineglobal.com%2Fpl%2Frejestracja%2F|title:Zarejestruj||&#8221;][\/vc_column_inner][vc_column_inner width=&#8221;1\/4&#8243;][\/vc_column_inner][\/vc_row_inner][\/vc_column][\/vc_row]<\/p>\n","protected":false},"excerpt":{"rendered":"<p>[vc_row full_width=&#8221;stretch_row&#8221; full_height=&#8221;yes&#8221; el_class=&#8221;glownagrafika desktop&#8221;][vc_column][vc_column_text] Innline Partner Portal [\/vc_column_text][vc_row_inner][vc_column_inner width=&#8221;1\/4&#8243;][\/vc_column_inner][vc_column_inner width=&#8221;1\/4&#8243;][vc_btn title=&#8221;Logowanie&#8221; style=&#8221;outline&#8221; shape=&#8221;square&#8221; color=&#8221;white&#8221; align=&#8221;center&#8221; i_align=&#8221;right&#8221; i_icon_fontawesome=&#8221;fa fa-sign-in&#8221; add_icon=&#8221;true&#8221; link=&#8221;url:https%3A%2F%2Fportal.innlineglobal.com%2Fpl%2Flogin%2F|title:Zaloguj||&#8221;][\/vc_column_inner][vc_column_inner width=&#8221;1\/4&#8243;][vc_btn title=&#8221;Rejestracja&#8221; style=&#8221;outline&#8221; shape=&#8221;square&#8221; color=&#8221;white&#8221; align=&#8221;center&#8221; i_align=&#8221;right&#8221; i_icon_fontawesome=&#8221;fa fa-user-plus&#8221; add_icon=&#8221;true&#8221; link=&#8221;url:https%3A%2F%2Fportal.innlineglobal.com%2Fpl%2Frejestracja%2F|title:Zarejestruj||&#8221;][\/vc_column_inner][vc_column_inner width=&#8221;1\/4&#8243;][\/vc_column_inner][\/vc_row_inner][\/vc_column][\/vc_row][vc_row full_width=&#8221;stretch_row&#8221; full_height=&#8221;yes&#8221; el_class=&#8221;glownagrafika mobile&#8221; css=&#8221;.vc_custom_1561455059030{margin-top: -100px !important;}&#8221;][vc_column][vc_column_text css=&#8221;.vc_custom_1561455099002{margin-top: -200px !important;}&#8221;] Innline Partner Portal [\/vc_column_text][vc_row_inner][vc_column_inner width=&#8221;1\/4&#8243;][\/vc_column_inner][vc_column_inner width=&#8221;1\/4&#8243;][vc_btn title=&#8221;Logowanie&#8221; style=&#8221;outline&#8221; shape=&#8221;square&#8221; color=&#8221;white&#8221; align=&#8221;center&#8221; i_align=&#8221;right&#8221; [&hellip;]<\/p>\n","protected":false},"author":8,"featured_media":0,"parent":0,"menu_order":0,"comment_status":"closed","ping_status":"closed","template":"","meta":{"inline_featured_image":false,"footnotes":""},"class_list":["post-2635","page","type-page","status-publish","hentry"],"yoast_head":"<!-- This site is optimized with the Yoast SEO plugin v27.3 - https:\/\/yoast.com\/product\/yoast-seo-wordpress\/ -->\n<title>Portal Partner - Innline EMS -<\/title>\n<meta name=\"description\" content=\"Portal dla Partner\u00f3w Innline EMS. Zarejestruj si\u0119 i skorzytaj z setek wysokiej jako\u015bci materia\u0142\u00f3w marketingowych, kt\u00f3re wspomog\u0105 Tw\u00f3j biznes w treningu EMS.\" \/>\n<meta name=\"robots\" content=\"index, follow, max-snippet:-1, max-image-preview:large, max-video-preview:-1\" \/>\n<link rel=\"canonical\" href=\"https:\/\/portal.innlineglobal.com\/pl\/\" \/>\n<meta property=\"og:locale\" content=\"pl_PL\" \/>\n<meta property=\"og:type\" content=\"article\" \/>\n<meta property=\"og:title\" content=\"Portal Partner - Innline EMS -\" \/>\n<meta property=\"og:description\" content=\"Portal dla Partner\u00f3w Innline EMS. Zarejestruj si\u0119 i skorzytaj z setek wysokiej jako\u015bci materia\u0142\u00f3w marketingowych, kt\u00f3re wspomog\u0105 Tw\u00f3j biznes w treningu EMS.\" \/>\n<meta property=\"og:url\" content=\"https:\/\/portal.innlineglobal.com\/pl\/\" \/>\n<meta property=\"og:site_name\" content=\"Innline\" \/>\n<meta property=\"article:modified_time\" content=\"2022-11-02T10:31:04+00:00\" \/>\n<meta name=\"twitter:card\" content=\"summary_large_image\" \/>\n<meta name=\"twitter:label1\" content=\"Szacowany czas czytania\" \/>\n\t<meta name=\"twitter:data1\" content=\"1 minuta\" \/>\n<script type=\"application\/ld+json\" class=\"yoast-schema-graph\">{\"@context\":\"https:\\\/\\\/schema.org\",\"@graph\":[{\"@type\":\"WebPage\",\"@id\":\"https:\\\/\\\/portal.innlineglobal.com\\\/pl\\\/\",\"url\":\"https:\\\/\\\/portal.innlineglobal.com\\\/pl\\\/\",\"name\":\"Portal Partner - Innline EMS -\",\"isPartOf\":{\"@id\":\"https:\\\/\\\/portal.innlineglobal.com\\\/#website\"},\"datePublished\":\"2020-02-19T09:36:09+00:00\",\"dateModified\":\"2022-11-02T10:31:04+00:00\",\"description\":\"Portal dla Partner\u00f3w Innline EMS. Zarejestruj si\u0119 i skorzytaj z setek wysokiej jako\u015bci materia\u0142\u00f3w marketingowych, kt\u00f3re wspomog\u0105 Tw\u00f3j biznes w treningu EMS.\",\"breadcrumb\":{\"@id\":\"https:\\\/\\\/portal.innlineglobal.com\\\/pl\\\/#breadcrumb\"},\"inLanguage\":\"pl-PL\",\"potentialAction\":[{\"@type\":\"ReadAction\",\"target\":[\"https:\\\/\\\/portal.innlineglobal.com\\\/pl\\\/\"]}]},{\"@type\":\"BreadcrumbList\",\"@id\":\"https:\\\/\\\/portal.innlineglobal.com\\\/pl\\\/#breadcrumb\",\"itemListElement\":[{\"@type\":\"ListItem\",\"position\":1,\"name\":\"Home\",\"item\":\"https:\\\/\\\/portal.innlineglobal.com\\\/pl\\\/\"},{\"@type\":\"ListItem\",\"position\":2,\"name\":\"Portal Partner &#8211; Innline EMS\"}]},{\"@type\":\"WebSite\",\"@id\":\"https:\\\/\\\/portal.innlineglobal.com\\\/#website\",\"url\":\"https:\\\/\\\/portal.innlineglobal.com\\\/\",\"name\":\"Innline - Partner Portal\",\"description\":\"Define in results.\",\"publisher\":{\"@id\":\"https:\\\/\\\/portal.innlineglobal.com\\\/#organization\"},\"potentialAction\":[{\"@type\":\"SearchAction\",\"target\":{\"@type\":\"EntryPoint\",\"urlTemplate\":\"https:\\\/\\\/portal.innlineglobal.com\\\/?s={search_term_string}\"},\"query-input\":{\"@type\":\"PropertyValueSpecification\",\"valueRequired\":true,\"valueName\":\"search_term_string\"}}],\"inLanguage\":\"pl-PL\"},{\"@type\":\"Organization\",\"@id\":\"https:\\\/\\\/portal.innlineglobal.com\\\/#organization\",\"name\":\"Innline EMS\",\"url\":\"https:\\\/\\\/portal.innlineglobal.com\\\/\",\"logo\":{\"@type\":\"ImageObject\",\"inLanguage\":\"pl-PL\",\"@id\":\"https:\\\/\\\/portal.innlineglobal.com\\\/#\\\/schema\\\/logo\\\/image\\\/\",\"url\":\"https:\\\/\\\/portal.innlineglobal.com\\\/wp-content\\\/uploads\\\/2020\\\/02\\\/51341532_513388885735247_8410289067924652032_n.png\",\"contentUrl\":\"https:\\\/\\\/portal.innlineglobal.com\\\/wp-content\\\/uploads\\\/2020\\\/02\\\/51341532_513388885735247_8410289067924652032_n.png\",\"width\":800,\"height\":800,\"caption\":\"Innline EMS\"},\"image\":{\"@id\":\"https:\\\/\\\/portal.innlineglobal.com\\\/#\\\/schema\\\/logo\\\/image\\\/\"}}]}<\/script>\n<!-- \/ Yoast SEO plugin. -->","yoast_head_json":{"title":"Portal Partner - Innline EMS -","description":"Portal dla Partner\u00f3w Innline EMS. Zarejestruj si\u0119 i skorzytaj z setek wysokiej jako\u015bci materia\u0142\u00f3w marketingowych, kt\u00f3re wspomog\u0105 Tw\u00f3j biznes w treningu EMS.","robots":{"index":"index","follow":"follow","max-snippet":"max-snippet:-1","max-image-preview":"max-image-preview:large","max-video-preview":"max-video-preview:-1"},"canonical":"https:\/\/portal.innlineglobal.com\/pl\/","og_locale":"pl_PL","og_type":"article","og_title":"Portal Partner - Innline EMS -","og_description":"Portal dla Partner\u00f3w Innline EMS. Zarejestruj si\u0119 i skorzytaj z setek wysokiej jako\u015bci materia\u0142\u00f3w marketingowych, kt\u00f3re wspomog\u0105 Tw\u00f3j biznes w treningu EMS.","og_url":"https:\/\/portal.innlineglobal.com\/pl\/","og_site_name":"Innline","article_modified_time":"2022-11-02T10:31:04+00:00","twitter_card":"summary_large_image","twitter_misc":{"Szacowany czas czytania":"1 minuta"},"schema":{"@context":"https:\/\/schema.org","@graph":[{"@type":"WebPage","@id":"https:\/\/portal.innlineglobal.com\/pl\/","url":"https:\/\/portal.innlineglobal.com\/pl\/","name":"Portal Partner - Innline EMS -","isPartOf":{"@id":"https:\/\/portal.innlineglobal.com\/#website"},"datePublished":"2020-02-19T09:36:09+00:00","dateModified":"2022-11-02T10:31:04+00:00","description":"Portal dla Partner\u00f3w Innline EMS. Zarejestruj si\u0119 i skorzytaj z setek wysokiej jako\u015bci materia\u0142\u00f3w marketingowych, kt\u00f3re wspomog\u0105 Tw\u00f3j biznes w treningu EMS.","breadcrumb":{"@id":"https:\/\/portal.innlineglobal.com\/pl\/#breadcrumb"},"inLanguage":"pl-PL","potentialAction":[{"@type":"ReadAction","target":["https:\/\/portal.innlineglobal.com\/pl\/"]}]},{"@type":"BreadcrumbList","@id":"https:\/\/portal.innlineglobal.com\/pl\/#breadcrumb","itemListElement":[{"@type":"ListItem","position":1,"name":"Home","item":"https:\/\/portal.innlineglobal.com\/pl\/"},{"@type":"ListItem","position":2,"name":"Portal Partner &#8211; Innline EMS"}]},{"@type":"WebSite","@id":"https:\/\/portal.innlineglobal.com\/#website","url":"https:\/\/portal.innlineglobal.com\/","name":"Innline - Partner Portal","description":"Define in results.","publisher":{"@id":"https:\/\/portal.innlineglobal.com\/#organization"},"potentialAction":[{"@type":"SearchAction","target":{"@type":"EntryPoint","urlTemplate":"https:\/\/portal.innlineglobal.com\/?s={search_term_string}"},"query-input":{"@type":"PropertyValueSpecification","valueRequired":true,"valueName":"search_term_string"}}],"inLanguage":"pl-PL"},{"@type":"Organization","@id":"https:\/\/portal.innlineglobal.com\/#organization","name":"Innline EMS","url":"https:\/\/portal.innlineglobal.com\/","logo":{"@type":"ImageObject","inLanguage":"pl-PL","@id":"https:\/\/portal.innlineglobal.com\/#\/schema\/logo\/image\/","url":"https:\/\/portal.innlineglobal.com\/wp-content\/uploads\/2020\/02\/51341532_513388885735247_8410289067924652032_n.png","contentUrl":"https:\/\/portal.innlineglobal.com\/wp-content\/uploads\/2020\/02\/51341532_513388885735247_8410289067924652032_n.png","width":800,"height":800,"caption":"Innline EMS"},"image":{"@id":"https:\/\/portal.innlineglobal.com\/#\/schema\/logo\/image\/"}}]}},"_links":{"self":[{"href":"https:\/\/portal.innlineglobal.com\/pl\/wp-json\/wp\/v2\/pages\/2635","targetHints":{"allow":["GET"]}}],"collection":[{"href":"https:\/\/portal.innlineglobal.com\/pl\/wp-json\/wp\/v2\/pages"}],"about":[{"href":"https:\/\/portal.innlineglobal.com\/pl\/wp-json\/wp\/v2\/types\/page"}],"author":[{"embeddable":true,"href":"https:\/\/portal.innlineglobal.com\/pl\/wp-json\/wp\/v2\/users\/8"}],"replies":[{"embeddable":true,"href":"https:\/\/portal.innlineglobal.com\/pl\/wp-json\/wp\/v2\/comments?post=2635"}],"version-history":[{"count":6,"href":"https:\/\/portal.innlineglobal.com\/pl\/wp-json\/wp\/v2\/pages\/2635\/revisions"}],"predecessor-version":[{"id":3352,"href":"https:\/\/portal.innlineglobal.com\/pl\/wp-json\/wp\/v2\/pages\/2635\/revisions\/3352"}],"wp:attachment":[{"href":"https:\/\/portal.innlineglobal.com\/pl\/wp-json\/wp\/v2\/media?parent=2635"}],"curies":[{"name":"wp","href":"https:\/\/api.w.org\/{rel}","templated":true}]}}